{"id":5186,"date":"2016-07-20T21:15:27","date_gmt":"2016-07-20T14:15:27","guid":{"rendered":"http:\/\/hkfilm.com.vn\/?page_id=5186"},"modified":"2016-07-20T21:43:03","modified_gmt":"2016-07-20T14:43:03","slug":"digital-cinema-mastering-digital-cinema-distribution","status":"publish","type":"page","link":"https:\/\/hkfilm.com.vn\/en\/post-production\/digital-cinema-mastering-digital-cinema-distribution\/","title":{"rendered":"Digital Cinema Mastering &#038; Digital Cinema Distribution"},"content":{"rendered":"<div class=\"column col-12\">\n<h3>Digital Cinema Mastering<\/h3>\n<ul>\n<li>Alternative content, trailer, on-screen advertising<\/li>\n<li>Colour space conversion to DPI XYZ colour SPACE<\/li>\n<li>DCI compliant Digital cinema masters<\/li>\n<\/ul>\n<\/div>\n<div class=\"column col-12 last\">\n<h3>Digital Cinema Distribution<\/h3>\n<ul>\n<li>Physical duplication and distribution<\/li>\n<li>KDM (Digital keys) creation, delivery, management<\/li>\n<li>Physical delivery of encrypted content to theatres<\/li>\n<\/ul>\n<\/div>\n<h5><h2 class=\"separator-heading apply-top-margin style-uniform text-center\"><span class=\"text-holder\">Past projects<\/span><\/h2><\/h5>\n<ul>\n<li>T\u00f4i th\u1ea5y hoa v\u00e0ng tr\u00ean c\u1ecf xanh (Yellow Flowers on the Green Grass)<\/li>\n<li>Si\u00eau Nh\u00e2n X (Super X), Em l\u00e0 b\u00e0 n\u1ed9i c\u1ee7a anh (Sweet 20)<\/li>\n<li>Si\u00eau Tr\u1ed9m (Bitcoin Heist)<\/li>\n<li>C\u00f4 H\u1ea7u G\u00e1i (The Housemaid)<\/li>\n<\/ul>\n","protected":false},"excerpt":{"rendered":"<p>T\u00f4i th\u1ea5y hoa v\u00e0ng tr\u00ean c\u1ecf xanh (Yellow Flowers on the Green Grass) Si\u00eau Nh\u00e2n X (Super X), Em l\u00e0 b\u00e0 n\u1ed9i c\u1ee7a anh (Sweet 20) Si\u00eau Tr\u1ed9m (Bitcoin Heist) C\u00f4 H\u1ea7u G\u00e1i (The Housemaid)<\/p>\n","protected":false},"author":3,"featured_media":0,"parent":1557,"menu_order":0,"comment_status":"closed","ping_status":"closed","template":"","meta":[],"_links":{"self":[{"href":"https:\/\/hkfilm.com.vn\/en\/wp-json\/wp\/v2\/pages\/5186"}],"collection":[{"href":"https:\/\/hkfilm.com.vn\/en\/wp-json\/wp\/v2\/pages"}],"about":[{"href":"https:\/\/hkfilm.com.vn\/en\/wp-json\/wp\/v2\/types\/page"}],"author":[{"embeddable":true,"href":"https:\/\/hkfilm.com.vn\/en\/wp-json\/wp\/v2\/users\/3"}],"replies":[{"embeddable":true,"href":"https:\/\/hkfilm.com.vn\/en\/wp-json\/wp\/v2\/comments?post=5186"}],"version-history":[{"count":5,"href":"https:\/\/hkfilm.com.vn\/en\/wp-json\/wp\/v2\/pages\/5186\/revisions"}],"predecessor-version":[{"id":5193,"href":"https:\/\/hkfilm.com.vn\/en\/wp-json\/wp\/v2\/pages\/5186\/revisions\/5193"}],"up":[{"embeddable":true,"href":"https:\/\/hkfilm.com.vn\/en\/wp-json\/wp\/v2\/pages\/1557"}],"wp:attachment":[{"href":"https:\/\/hkfilm.com.vn\/en\/wp-json\/wp\/v2\/media?parent=5186"}],"curies":[{"name":"wp","href":"https:\/\/api.w.org\/{rel}","templated":true}]}}